{"id":67,"date":"2019-07-30T11:10:41","date_gmt":"2019-07-30T11:10:41","guid":{"rendered":"https:\/\/www.lifefoliage.eu\/?page_id=67"},"modified":"2023-06-05T16:46:17","modified_gmt":"2023-06-05T16:46:17","slug":"privacy-policy","status":"publish","type":"page","link":"https:\/\/www.lifefoliage.eu\/en\/privacy-policy\/","title":{"rendered":"Privacy Policy"},"content":{"rendered":"<div data-elementor-type=\"wp-post\" data-elementor-id=\"67\" class=\"elementor elementor-67\">\n\t\t\t\t\t\t<section class=\"elementor-section elementor-top-section elementor-element elementor-element-145e30a0 elementor-section-boxed elementor-section-height-default elementor-section-height-default sc_fly_static\" data-id=\"145e30a0\" data-element_type=\"section\" data-settings=\"{&quot;background_background&quot;:&quot;classic&quot;}\">\n\t\t\t\t\t\t<div class=\"elementor-container elementor-column-gap-extended\">\n\t\t\t\t\t<div class=\"elementor-column elementor-col-100 elementor-top-column elementor-element elementor-element-35488745 sc_content_align_inherit sc_layouts_column_icons_position_left sc_fly_static\" data-id=\"35488745\" data-element_type=\"column\">\n\t\t\t<div class=\"elementor-widget-wrap elementor-element-populated\">\n\t\t\t\t\t\t<div class=\"elementor-element elementor-element-7333e2f7 sc_fly_static elementor-widget elementor-widget-text-editor\" data-id=\"7333e2f7\" data-element_type=\"widget\" data-widget_type=\"text-editor.default\">\n\t\t\t\t<div class=\"elementor-widget-container\">\n\t\t\t\t\t\t\t\t\t<h5>\u00a0<\/h5><h5>Regolamento (UE) 679\/2016<\/h5><p>\u00a0<\/p><p>Il sito lifefoliage.eu svolge una funzione informativa sugli obiettivi e le attivit\u00e0 del progetto LIFE FOLIAGE, finanziato dall\u2019Unione Europea con convenzione di sovvenzione LIFE19 GIE\/IT\/000311.<\/p><p>La presente Privacy Policy, resa ai sensi del D. Lgs 196\/2003 (\u201cCodice in materia di protezione dei dati personali\u201d) e del Reg. UE 2016\/679 (\u201cGDPR\u201d), \u00e8 volta ad informare gli utenti che utilizzano il sito riguardo le modalit\u00e0 di trattamento dei loro dati personali, la registrazione e l\u2019ambito di comunicazione e diffusione degli stessi.<\/p><p>Prima di navigare o fornire i dati, si invita l\u2019utenza a prendere visione della presente informativa generale, nonch\u00e9, di volta in volta, delle eventuali e specifiche ulteriori informative rilasciate, ex art. 13 del GDPR.<\/p><h3>Titolare del trattamento<\/h3><p>Titolare del trattamento \u00e8 il Consiglio per la ricerca in agricoltura e l\u2019analisi dell\u2019economia agraria (CREA), coordinatore del progetto, nella persona del suo legale rappresentante presso.<\/p><p>\u00a0<\/p><p>Via della Navicella 2\/4, 00184 Roma<\/p><p>Partita IVA 08183101008<\/p><p>C.F.: 97231970589<\/p><p>tel.: + 39 06 478361<\/p><p>e-mail: <a href=\"mailto:crea@crea.gov.it\">crea@crea.gov.it<\/a><\/p><p>PEC: <a href=\"mailto:crea@pec.crea.gov.it\">crea@pec.crea.gov.it<\/a><\/p><p>\u00a0<\/p><p>Il Data Protection Officer (\u201cDPO\u201d), quale Responsabile della protezione dei dati nell\u2019ambito di CREA, pu\u00f2 essere contattato per questioni inerenti al trattamento dei dati personali scrivendo all\u2019indirizzo email: <a href=\"mailto:responsabileprotezionedati@crea.gov.it\">responsabileprotezionedati@crea.gov.it<\/a>.<\/p><h3>Base giuridica del trattamento<\/h3><p>I dati personali indicati in questa pagina sono trattati dal CREA in quanto coordinatore del progetto LIFE FOLIAGE, esclusivamente in conformit\u00e0 alle finalit\u00e0 istituzionali o comunque connessi all\u2019esercizio dei compiti di interesse pubblico incluse le finalit\u00e0 di ricerca scientifica ed analisi per scopi comunicativi.<\/p><h3>Finalit\u00e0 del trattamento<\/h3><p>I dati personali forniti dall\u2019interessato saranno trattati per gli scopi istituzionali perseguiti dal CREA, quale coordinatore del progetto, ai fini dell\u2019erogazione dei servizi comunicativi forniti dal sito web.<\/p><p>Tali finalit\u00e0 coincidono con le motivazioni che hanno spinto l\u2019utente ad entrare in contatto con il progetto attraverso il sito. I dati dell\u2019interessato saranno trattati per perseguire le seguenti finalit\u00e0:<\/p><p>\u00a0<\/p><ol><li>invio, anche tramite mail, di comunicazioni informative relative alle attivit\u00e0 progettuali;<\/li><li>rispondere, anche tramite e-mail, a richieste di contatto formulate attraverso il sito;<\/li><li>elaborazioni statistiche e di ricerca per misurare l\u2019efficacia comunicativa del progetto.<\/li><\/ol><h3>Tipi di dati trattati<\/h3><p>Durante l\u2019utilizzo del sito, si possono acquisire le seguenti tipologie di dati.<\/p><p>\u00a0<\/p><ul><li><strong>Dati di navigazione<\/strong>. I sistemi informatici e le procedure software preposte al funzionamento del sito acquisiscono, nel corso del loro normale esercizio, alcuni dati personali la cui trasmissione \u00e8 connessa all\u2019uso della rete. In questa categoria di dati rientrano gli indirizzi IP o i nomi a dominio dei computer utilizzati dagli utenti che si connettono al sito, gli indirizzi in notazione URI (<em>Uniform Resource Identifier<\/em>) delle risorse richieste, l&#8217;orario della richiesta, il metodo utilizzato nel sottoporre la richiesta al <em>server<\/em>, la dimensione del file ottenuto in risposta, il codice numerico indicante lo stato della risposta data dal server (buon fine, errore, ecc.) ed altri parametri relativi al sistema operativo e all&#8217;ambiente informatico dell&#8217;utente. Questi dati, necessari per la fruizione dei servizi web, vengono utilizzati anche al fine di ricavare informazioni statistiche anonime aggregate sull&#8217;uso del sito (pagine pi\u00f9 visitate, fascia oraria, localit\u00e0 di collegamento dell\u2019utente etc.) e per controllarne il corretto funzionamento. I dati potrebbero essere altres\u00ec utilizzati per l&#8217;accertamento di responsabilit\u00e0 in caso di ipotetici reati informatici ai danni del sito e\/o ad altri utenti.<\/li><li><strong>Dati forniti volontariamente dall&#8217;utente<\/strong>. L&#8217;invio facoltativo, esplicito e volontario del proprio nome e\/o del proprio indirizzo di posta elettronica agli indirizzi indicati sul sito o mediante il modulo di contatto o per l\u2019iscrizione al servizio di invio di <em>newsletter<\/em> o per l\u2019iscrizione ai servizi erogati dal sito comporta la successiva acquisizione dell&#8217;indirizzo e-mail dell\u2019utente, necessario per rispondere alle richieste e nonch\u00e9 degli eventuali altri dati personali inseriti nella comunicazione o modulo <em>online<\/em>.<\/li><li><strong><em>Cookies<\/em><\/strong>. Nella erogazione dei servizi web non viene fatto uso di <em>cookies<\/em> per la trasmissione di informazioni di carattere personale, n\u00e9 vengono utilizzati cosiddetti <em>cookies<\/em> persistenti di alcun tipo, ovvero sistemi per il tracciamento degli utenti. L&#8217;uso di <em>cookies<\/em> di sessione \u00e8 strettamente limitato alla trasmissione di identificativi di sessione (costituiti da numeri casuali generati dal server) necessari per consentire l&#8217;esplorazione sicura ed efficiente del sito. I <em>cookies<\/em> di sessione utilizzati in questo sito evitano il ricorso ad altre tecniche informatiche potenzialmente pregiudizievoli per la riservatezza della navigazione degli utenti e non consentono l&#8217;acquisizione di dati personali identificativi dell&#8217;utente.<\/li><\/ul><h3>Natura del conferimento dei dati<\/h3><p>Il conferimento dei dati volontari per le finalit\u00e0 indicata nella presente informativa non \u00e8 obbligatorio: tuttavia il mancato, parziale o inesatto conferimento degli stessi comporter\u00e0 l\u2019impossibilit\u00e0 di utilizzare i dati dell\u2019interessato per le finalit\u00e0 indicate o di ottenere quanto richiesto.<\/p><h3>Modalit\u00e0 del trattamento e periodo di conservazione dei dati<\/h3><p>I dati personali saranno conservati per un periodo di tempo non superiore a quello necessario alle finalit\u00e0 per le quali essi sono stati raccolti, o successivamente trattati, nonch\u00e9 per garantire l\u2019espletamento dei relativi obblighi di legge e per l\u2019adempimento della obbligatoria reportistica di utilizzo dei mezzi comunicativi di progetto all\u2019ente finanziatore.<\/p><h3>Destinatari dei dati<\/h3><p>I dati personali potranno essere comunicati o portati a conoscenza dei seguenti soggetti:<\/p><ol><li>soggetti incaricati da CREA di fornire soluzioni IT (es. servizi <em>cloud<\/em> e <em>hosting<\/em> del sito), nonch\u00e9 di gestire le attivit\u00e0 di sviluppo e manutenzione del sito o di erogare servizi di invio periodico di comunicazioni mediante e-mail;<\/li><li>soggetto pubblico finanziatore di progetto, nella sola forma sintetica ed aggregata,<\/li><li>autorit\u00e0 di pubblica sicurezza, autorit\u00e0 giudiziaria.<\/li><\/ol><h3>Diritti dell\u2019interessato<\/h3><p>In ogni momento, l\u2019interessato si potr\u00e0 rivolgere a CREA per avere piena chiarezza sulle operazioni di trattamento e per esercitare i diritti che gli sono riconosciuti ai sensi degli artt. 15 e ss. del GDPR con le modalit\u00e0 e nei limiti indicati nella medesima normativa e tenuto conto del ruolo istituzionale svolto da CREA. In particolare, a mero titolo esemplificativo, l\u2019interessato potr\u00e0 esercitare i seguenti diritti:<\/p><ul><li>Diritto di accesso: potr\u00e0 richiedere la conferma che sia, o meno, in corso un trattamento inerente ai suoi dati personali e, in tal caso, di ottenere l\u2019accesso ai medesimi dati.<\/li><li>Diritto di rettifica: potr\u00e0 chiedere di rettificare i suoi dati personali nel caso in cui non siano corretti, incluso il diritto di richiedere il completamento di dati personali non completi.<\/li><li>Diritto alla cancellazione: potr\u00e0 richiedere di cancellare i dati che ha fornito a CREA (ad esempio perch\u00e9 si \u00e8 opposto al trattamento e non sussiste alcun motivo prevalente al trattamento).<\/li><li>Diritto di limitazione: potr\u00e0 richiedere di limitare il trattamento dei propri dati personali qualora ricorrano le ipotesi di legge.<\/li><li>Diritto di opposizione: potr\u00e0 opporsi al trattamento dei propri dati personali, per motivi connessi alla sua situazione particolare;<\/li><li>Revoca del consenso: qualora il trattamento si fondi sul consenso, l\u2019interessato potr\u00e0 revocarlo in ogni momento, fatta comunque salva la liceit\u00e0 del trattamento effettuato prima di detta revoca.<\/li><li>Diritto di proporre reclamo all\u2019Autorit\u00e0 di controllo: fatto salvo ogni altro ricorso amministrativo o giurisdizionale, l\u2019interessato ha il diritto di proporre reclamo all\u2019Autorit\u00e0 Garante per la protezione dei dati personali nel caso in cui ritenesse che i trattamenti di dati effettuati da CREA violino la vigente normativa in materia di protezione dei dati personali.<\/li><\/ul><p>L\u2019istanza per l\u2019esercizio dei diritti (artt. 15\/22 de GDPR) potr\u00e0 essere inoltrata dagli interessati al DPO di CREA mediante e-mail.<\/p><h3>Aggiornamenti alla presente Privacy Policy<\/h3><p>La presente privacy policy potr\u00e0 essere aggiornata da CREA, al fine di conformarsi alla normativa, nazionale ed europea, in materia di trattamento dei dati personali e\/o di adeguarsi alla adozione di nuovi sistemi o procedure interne, o comunque per ogni altro motivo che si rendesse opportuno e\/o necessario. Si invita, pertanto, l&#8217;utente a consultare periodicamente questa pagina del sito.<\/p><p>\u00a0<\/p><p>Data ultimo aggiornamento: Maggio 2023<\/p><p>\u00a0<\/p><p>\u00a0<\/p><h3>PRIVACY POLICY<\/h3><p>Regulation (EU) 679\/2016<\/p><p>\u00a0<\/p><p>The website lifefoliage.eu serves an informative function about the objectives and activities of the LIFE FOLIAGE project, which is funded by the European Union under grant agreement LIFE19 GIE\/IT\/000311.<\/p><p>This Privacy Policy is provided in accordance with the Italian Data Protection Code (D. Lgs 196\/2003) and the EU Regulation 2016\/679 (GDPR). Its purpose is to inform users who use the website about the methods of processing their personal data, registration, and the scope of communication and disclosure of such data.<\/p><p>Before browsing or providing any data, users are invited to read this general information and, if applicable, any specific additional information provided, in accordance with Article 13 of the GDPR.<\/p><h3>Data Controller<\/h3><p>The Data Controller is the Council for Agricultural Research and Economics (CREA), the coordinating beneficiary of the LIFE FOLIAGE project, represented by its legal representative at:<\/p><p>\u00a0<\/p><p>Via della Navicella 2\/4, 00184 Rome<\/p><p>VAT Number: 08183101008<\/p><p>Tax Code: 97231970589<\/p><p>Phone: +39 06 478361<\/p><p>Email: <a href=\"mailto:crea@crea.gov.it\">crea@crea.gov.it<\/a><\/p><p>PEC: <a href=\"mailto:crea@pec.crea.gov.it\">crea@pec.crea.gov.it<\/a><\/p><p>\u00a0<\/p><p>The Data Protection Officer (DPO), who is responsible for data protection within CREA, can be contacted regarding any issues related to the processing of personal data by sending an email to: <a href=\"mailto:responsabileprotezionedati@crea.gov.it\">responsabileprotezionedati@crea.gov.it<\/a>.<\/p><h3>Legal Basis of the Processing<\/h3><p>The personal data indicated on this page are processed by CREA as the coordinator of the LIFE FOLIAGE project, exclusively in accordance with institutional purposes or in any case related to the exercise of public interest tasks, including scientific research and analysis purposes for communication purposes.<\/p><h3>Purposes of the Processing<\/h3><p>The personal data provided by the data subject will be processed for the institutional purposes pursued by CREA as the project coordinator, for the provision of communication services provided by the website.<\/p><p>These purposes align with the reasons that prompted the user to engage with the project through the website. The data of the data subject will be processed to pursue the following purposes:<\/p><p>\u00a0<\/p><ol><li>Sending informational communications related to project activities, including via email.<\/li><li>Responding to contact requests made through the website, also via email.<\/li><li>Statistical and research analyses to measure the communicative effectiveness of the project.<\/li><\/ol><h3>Types of Data Processed<\/h3><p>During the use of the website, the following types of data may be collected:<\/p><p>\u00a0<\/p><ol><li><strong>Navigation Data<\/strong>: The computer systems and software procedures used for the operation of the website acquire some personal data as part of their normal operation, the transmission of which is implicit in the use of internet communication protocols. This category of data includes IP addresses or domain names of the computers used by users who connect to the site, URI (Uniform Resource Identifier) addresses of the requested resources, the time of the request, the method used in submitting the request to the server, the size of the file obtained in response, the numerical code indicating the status of the response given by the server (success, error, etc.), and other parameters related to the user&#8217;s operating system and computer environment. These data, necessary for the provision of web services, are also used for the purpose of obtaining anonymous aggregated statistical information about the use of the site (most visited pages, time slots, user&#8217;s location, etc.) and to ensure its proper functioning. The data may also be used to ascertain responsibility in case of hypothetical computer crimes against the site and\/or other users.<\/li><\/ol><p>\u00a0<\/p><ol start=\"2\"><li><strong>Data Provided Voluntarily by the User<\/strong>: The optional, explicit, and voluntary sending of one&#8217;s name and\/or email address to the addresses indicated on the website or through the contact form, for subscribing to the newsletter service or for registering for services provided by the website, entails the subsequent acquisition of the user&#8217;s email address, which is necessary to respond to the requests, as well as any other personal data included in the communication or online form.<\/li><\/ol><p>\u00a0<\/p><ol start=\"3\"><li><strong>Cookies<\/strong>: The website does not use cookies for the transmission of personal information, nor does it use any type of persistent cookies or user tracking systems. The use of session cookies is strictly limited to transmitting session identifiers (consisting of random numbers generated by the server) necessary to enable secure and efficient browsing of the site. The session cookies used on this site avoid the use of other potentially prejudicial computer techniques to the confidentiality of user navigation and do not allow the acquisition of personally identifiable user data.<\/li><\/ol><h3>Nature of Data Provision<\/h3><p>The provision of data voluntarily for the purposes indicated in this information is not obligatory. However, failure to provide, partially provide, or provide inaccurate data may result in the impossibility of using the data for the indicated purposes or obtaining the requested services.<\/p><h3>Data Processing Methods and Data Retention Period<\/h3><p>Personal data will be stored for a period not exceeding the time necessary for the purposes for which they were collected or subsequently processed. They will also be retained to ensure compliance with legal obligations and the mandatory reporting of the use of communication means to the project&#8217;s funding body.<\/p><h3>Recipients of Data<\/h3><p>Personal data may be disclosed or made known to the following entities:<\/p><ol><li>Entities entrusted by CREA to provide IT solutions (e.g., cloud services and website hosting) and manage website development, maintenance activities, or periodic email communications.<\/li><li>Public funding body of the project, in a synthetic and aggregated form only.<\/li><li>Public security authorities and judicial authorities.<\/li><\/ol><p>\u00a0<\/p><h3>Rights of the Data Subject<\/h3><p>At any time, the data subject may contact CREA to obtain full clarity on the processing operations and to exercise the rights granted to them under Articles 15 and onwards of the GDPR, in accordance with the methods and limits indicated in the same legislation and considering the institutional role performed by CREA. Specifically, by way of example, the data subject may exercise the following rights:<\/p><ul><li>Right of access: They may request confirmation of whether or not their personal data is being processed and, if so, access to the same data.<\/li><li>Right to rectification: They may request the correction of their personal data if it is inaccurate, including the right to have incomplete personal data completed.<\/li><li>Right to erasure: They may request the deletion of the data they have provided to CREA (for example, if they have objected to the processing and there are no overriding legitimate grounds for the processing).<\/li><li>Right to restriction of processing: They may request the restriction of the processing of their personal data in certain circumstances provided by law.<\/li><li>Right to object: They may object to the processing of their personal data for reasons related to their particular situation.<\/li><li>Right to withdraw consent: If the processing is based on consent, the data subject may withdraw their consent at any time, without affecting the lawfulness of the processing carried out prior to the withdrawal.<\/li><li>Right to lodge a complaint with the supervisory authority: Without prejudice to any other administrative or judicial remedy, the data subject has the right to lodge a complaint with the Supervisory Authority for Data Protection if they believe that the data processing carried out by CREA violates the applicable data protection regulations.<\/li><\/ul><p>Requests to exercise the rights (Articles 15-22 of the GDPR) can be submitted by data subjects to CREA&#8217;s DPO via email.<\/p><h3>Updates to this Privacy Policy<\/h3><p>This privacy policy may be updated by CREA in order to comply with national and European legislation on the processing of personal data and\/or to adapt to the adoption of new internal systems or procedures, or for any other reason that may be deemed appropriate and\/or necessary. Therefore, users are encouraged to periodically consult this page of the website.<\/p><p>\u00a0<\/p><p>Last updated: May 2023.<\/p>\t\t\t\t\t\t\t\t<\/div>\n\t\t\t\t<\/div>\n\t\t\t\t\t<\/div>\n\t\t<\/div>\n\t\t\t\t\t<\/div>\n\t\t<\/section>\n\t\t\t\t<section class=\"elementor-section elementor-top-section elementor-element elementor-element-72109a56 elementor-section-boxed elementor-section-height-default elementor-section-height-default sc_fly_static\" data-id=\"72109a56\" data-element_type=\"section\">\n\t\t\t\t\t\t<div class=\"elementor-container elementor-column-gap-extended\">\n\t\t\t\t\t<div class=\"elementor-column elementor-col-100 elementor-top-column elementor-element elementor-element-7063f3b6 sc_content_align_inherit sc_layouts_column_icons_position_left sc_fly_static\" data-id=\"7063f3b6\" data-element_type=\"column\">\n\t\t\t<div class=\"elementor-widget-wrap elementor-element-populated\">\n\t\t\t\t\t\t<div class=\"elementor-element elementor-element-258feba7 sc_fly_static elementor-widget elementor-widget-spacer\" data-id=\"258feba7\" data-element_type=\"widget\" data-widget_type=\"spacer.default\">\n\t\t\t\t<div class=\"elementor-widget-container\">\n\t\t\t\t\t\t\t<div class=\"elementor-spacer\">\n\t\t\t<div class=\"elementor-spacer-inner\"><\/div>\n\t\t<\/div>\n\t\t\t\t\t\t<\/div>\n\t\t\t\t<\/div>\n\t\t\t\t\t<\/div>\n\t\t<\/div>\n\t\t\t\t\t<\/div>\n\t\t<\/section>\n\t\t\t\t<\/div>","protected":false},"excerpt":{"rendered":"<p>\u00a0 Regolamento (UE) 679\/2016 \u00a0 Il sito lifefoliage.eu svolge una funzione informativa sugli obiettivi e le attivit\u00e0 del progetto LIFE FOLIAGE, finanziato dall\u2019Unione Europea con convenzione di sovvenzione LIFE19 GIE\/IT\/000311. La presente Privacy Policy, resa ai sensi del D. Lgs&hellip;<\/p>","protected":false},"author":1,"featured_media":0,"parent":0,"menu_order":0,"comment_status":"closed","ping_status":"closed","template":"","meta":{"footnotes":""},"class_list":["post-67","page","type-page","status-publish","hentry"],"_links":{"self":[{"href":"https:\/\/www.lifefoliage.eu\/en\/wp-json\/wp\/v2\/pages\/67","targetHints":{"allow":["GET"]}}],"collection":[{"href":"https:\/\/www.lifefoliage.eu\/en\/wp-json\/wp\/v2\/pages"}],"about":[{"href":"https:\/\/www.lifefoliage.eu\/en\/wp-json\/wp\/v2\/types\/page"}],"author":[{"embeddable":true,"href":"https:\/\/www.lifefoliage.eu\/en\/wp-json\/wp\/v2\/users\/1"}],"replies":[{"embeddable":true,"href":"https:\/\/www.lifefoliage.eu\/en\/wp-json\/wp\/v2\/comments?post=67"}],"version-history":[{"count":10,"href":"https:\/\/www.lifefoliage.eu\/en\/wp-json\/wp\/v2\/pages\/67\/revisions"}],"predecessor-version":[{"id":2582,"href":"https:\/\/www.lifefoliage.eu\/en\/wp-json\/wp\/v2\/pages\/67\/revisions\/2582"}],"wp:attachment":[{"href":"https:\/\/www.lifefoliage.eu\/en\/wp-json\/wp\/v2\/media?parent=67"}],"curies":[{"name":"wp","href":"https:\/\/api.w.org\/{rel}","templated":true}]}}